{"id":153,"date":"2022-03-16T14:17:22","date_gmt":"2022-03-16T13:17:22","guid":{"rendered":"https:\/\/kids.bthstudent.se\/?page_id=153"},"modified":"2025-11-24T18:50:25","modified_gmt":"2025-11-24T17:50:25","slug":"startsida","status":"publish","type":"page","link":"https:\/\/kids.bthstudent.se\/en\/","title":{"rendered":"Startsida"},"content":{"rendered":"<div data-elementor-type=\"wp-page\" data-elementor-id=\"153\" class=\"elementor elementor-153\">\n\t\t\t\t\t\t<section class=\"elementor-section elementor-top-section elementor-element elementor-element-43dac50e elementor-section-content-middle elementor-section-boxed elementor-section-height-default elementor-section-height-default\" data-id=\"43dac50e\" data-element_type=\"section\" data-e-type=\"section\" data-settings=\"{&quot;background_background&quot;:&quot;classic&quot;}\">\n\t\t\t\t\t\t\t<div class=\"elementor-background-overlay\"><\/div>\n\t\t\t\t\t\t\t<div class=\"elementor-container elementor-column-gap-no\">\n\t\t\t\t\t<div class=\"elementor-column elementor-col-100 elementor-top-column elementor-element elementor-element-67e3d4ac\" data-id=\"67e3d4ac\" data-element_type=\"column\" data-e-type=\"column\">\n\t\t\t<div class=\"elementor-widget-wrap elementor-element-populated\">\n\t\t\t\t\t\t<div class=\"elementor-element elementor-element-3b25f78 elementor-widget elementor-widget-spacer\" data-id=\"3b25f78\" data-element_type=\"widget\" data-e-type=\"widget\" data-widget_type=\"spacer.default\">\n\t\t\t\t<div class=\"elementor-widget-container\">\n\t\t\t\t\t\t\t<div class=\"elementor-spacer\">\n\t\t\t<div class=\"elementor-spacer-inner\"><\/div>\n\t\t<\/div>\n\t\t\t\t\t\t<\/div>\n\t\t\t\t<\/div>\n\t\t\t\t<div class=\"elementor-element elementor-element-0776f6c elementor-widget elementor-widget-heading\" data-id=\"0776f6c\" data-element_type=\"widget\" data-e-type=\"widget\" data-widget_type=\"heading.default\">\n\t\t\t\t<div class=\"elementor-widget-container\">\n\t\t\t\t\t<h1 class=\"elementor-heading-title elementor-size-default\">\nKarlskronastudents sports society<\/h1>\t\t\t\t<\/div>\n\t\t\t\t<\/div>\n\t\t\t\t<div class=\"elementor-element elementor-element-be329f0 elementor-widget elementor-widget-heading\" data-id=\"be329f0\" data-element_type=\"widget\" data-e-type=\"widget\" data-widget_type=\"heading.default\">\n\t\t\t\t<div class=\"elementor-widget-container\">\n\t\t\t\t\t<h2 class=\"elementor-heading-title elementor-size-default\">We activate students<\/h2>\t\t\t\t<\/div>\n\t\t\t\t<\/div>\n\t\t\t\t<div class=\"elementor-element elementor-element-c5040ba elementor-widget elementor-widget-spacer\" data-id=\"c5040ba\" data-element_type=\"widget\" data-e-type=\"widget\" data-widget_type=\"spacer.default\">\n\t\t\t\t<div class=\"elementor-widget-container\">\n\t\t\t\t\t\t\t<div class=\"elementor-spacer\">\n\t\t\t<div class=\"elementor-spacer-inner\"><\/div>\n\t\t<\/div>\n\t\t\t\t\t\t<\/div>\n\t\t\t\t<\/div>\n\t\t\t\t\t<\/div>\n\t\t<\/div>\n\t\t\t\t\t<\/div>\n\t\t<\/section>\n\t\t\t\t<section class=\"elementor-section elementor-top-section elementor-element elementor-element-737e547 elementor-section-boxed elementor-section-height-default elementor-section-height-default\" data-id=\"737e547\" data-element_type=\"section\" data-e-type=\"section\" data-settings=\"{&quot;background_background&quot;:&quot;classic&quot;}\">\n\t\t\t\t\t\t<div class=\"elementor-container elementor-column-gap-default\">\n\t\t\t\t\t<div class=\"elementor-column elementor-col-100 elementor-top-column elementor-element elementor-element-a920934\" data-id=\"a920934\" data-element_type=\"column\" data-e-type=\"column\">\n\t\t\t<div class=\"elementor-widget-wrap elementor-element-populated\">\n\t\t\t\t\t\t<div class=\"elementor-element elementor-element-fd2abe8 elementor-view-default elementor-position-block-start elementor-mobile-position-block-start elementor-widget elementor-widget-icon-box\" data-id=\"fd2abe8\" data-element_type=\"widget\" data-e-type=\"widget\" data-widget_type=\"icon-box.default\">\n\t\t\t\t<div class=\"elementor-widget-container\">\n\t\t\t\t\t\t\t<div class=\"elementor-icon-box-wrapper\">\n\n\t\t\t\t\t\t<div class=\"elementor-icon-box-icon\">\n\t\t\t\t<a href=\"https:\/\/www.instagram.com\/kids.bthstudent\/\" target=\"_blank\" class=\"elementor-icon\" tabindex=\"-1\" aria-label=\"Follow us on Instagram\">\n\t\t\t\t<i aria-hidden=\"true\" class=\"fab fa-instagram\"><\/i>\t\t\t\t<\/a>\n\t\t\t<\/div>\n\t\t\t\n\t\t\t\t\t\t<div class=\"elementor-icon-box-content\">\n\n\t\t\t\t\t\t\t\t\t<h3 class=\"elementor-icon-box-title\">\n\t\t\t\t\t\t<a href=\"https:\/\/www.instagram.com\/kids.bthstudent\/\" target=\"_blank\" >\n\t\t\t\t\t\t\tFollow us on Instagram\t\t\t\t\t\t<\/a>\n\t\t\t\t\t<\/h3>\n\t\t\t\t\n\t\t\t\t\t\t\t\t\t<p class=\"elementor-icon-box-description\">\n\t\t\t\t\t\tOn Instagram you can find more information about our activities \t\t\t\t\t<\/p>\n\t\t\t\t\n\t\t\t<\/div>\n\t\t\t\n\t\t<\/div>\n\t\t\t\t\t\t<\/div>\n\t\t\t\t<\/div>\n\t\t\t\t\t<\/div>\n\t\t<\/div>\n\t\t\t\t\t<\/div>\n\t\t<\/section>\n\t\t\t\t<section class=\"elementor-section elementor-top-section elementor-element elementor-element-a15ea39 elementor-section-boxed elementor-section-height-default elementor-section-height-default\" data-id=\"a15ea39\" data-element_type=\"section\" data-e-type=\"section\">\n\t\t\t\t\t\t<div class=\"elementor-container elementor-column-gap-default\">\n\t\t\t\t\t<div class=\"elementor-column elementor-col-100 elementor-top-column elementor-element elementor-element-72e6bca\" data-id=\"72e6bca\" data-element_type=\"column\" data-e-type=\"column\">\n\t\t\t<div class=\"elementor-widget-wrap elementor-element-populated\">\n\t\t\t\t\t\t<div class=\"elementor-element elementor-element-9211795 elementor-widget elementor-widget-spacer\" data-id=\"9211795\" data-element_type=\"widget\" data-e-type=\"widget\" data-widget_type=\"spacer.default\">\n\t\t\t\t<div class=\"elementor-widget-container\">\n\t\t\t\t\t\t\t<div class=\"elementor-spacer\">\n\t\t\t<div class=\"elementor-spacer-inner\"><\/div>\n\t\t<\/div>\n\t\t\t\t\t\t<\/div>\n\t\t\t\t<\/div>\n\t\t\t\t<div class=\"elementor-element elementor-element-1f5569a elementor-widget elementor-widget-heading\" data-id=\"1f5569a\" data-element_type=\"widget\" data-e-type=\"widget\" data-widget_type=\"heading.default\">\n\t\t\t\t<div class=\"elementor-widget-container\">\n\t\t\t\t\t<h1 class=\"elementor-heading-title elementor-size-large\">Registration to groups<\/h1>\t\t\t\t<\/div>\n\t\t\t\t<\/div>\n\t\t\t\t<div class=\"elementor-element elementor-element-6f0fa42 elementor-widget elementor-widget-text-editor\" data-id=\"6f0fa42\" data-element_type=\"widget\" data-e-type=\"widget\" data-widget_type=\"text-editor.default\">\n\t\t\t\t<div class=\"elementor-widget-container\">\n\t\t\t\t\t\t\t\t\t<p>Click on the button below to register in the groups that correspond to the sports you are interested in!<\/p><p>If you are not part of a group, you will <strong>not\u00a0<\/strong>be able to book a training!<\/p><p>To be active in a sport on <strong>Laget.se<\/strong> you need to be a member of the Blekinge Student Union.<\/p>\t\t\t\t\t\t\t\t<\/div>\n\t\t\t\t<\/div>\n\t\t\t\t<div class=\"elementor-element elementor-element-871c89e elementor-align-center elementor-widget elementor-widget-button\" data-id=\"871c89e\" data-element_type=\"widget\" data-e-type=\"widget\" data-widget_type=\"button.default\">\n\t\t\t\t<div class=\"elementor-widget-container\">\n\t\t\t\t\t\t\t\t\t<div class=\"elementor-button-wrapper\">\n\t\t\t\t\t<a class=\"elementor-button elementor-button-link elementor-size-lg\" href=\"https:\/\/www.laget.se\/KarlskronastudenternasIS\/Member\" target=\"_blank\">\n\t\t\t\t\t\t<span class=\"elementor-button-content-wrapper\">\n\t\t\t\t\t\t\t\t\t<span class=\"elementor-button-text\">REGISTER HERE<\/span>\n\t\t\t\t\t<\/span>\n\t\t\t\t\t<\/a>\n\t\t\t\t<\/div>\n\t\t\t\t\t\t\t\t<\/div>\n\t\t\t\t<\/div>\n\t\t\t\t\t<\/div>\n\t\t<\/div>\n\t\t\t\t\t<\/div>\n\t\t<\/section>\n\t\t\t\t<section class=\"elementor-section elementor-top-section elementor-element elementor-element-a07b7b0 elementor-section-boxed elementor-section-height-default elementor-section-height-default\" data-id=\"a07b7b0\" data-element_type=\"section\" data-e-type=\"section\" data-settings=\"{&quot;background_background&quot;:&quot;classic&quot;}\">\n\t\t\t\t\t\t<div class=\"elementor-container elementor-column-gap-default\">\n\t\t\t\t\t<div class=\"elementor-column elementor-col-33 elementor-top-column elementor-element elementor-element-163428a\" data-id=\"163428a\" data-element_type=\"column\" data-e-type=\"column\">\n\t\t\t<div class=\"elementor-widget-wrap elementor-element-populated\">\n\t\t\t\t\t\t<div class=\"elementor-element elementor-element-1b75dfe elementor-widget elementor-widget-image\" data-id=\"1b75dfe\" data-element_type=\"widget\" data-e-type=\"widget\" data-widget_type=\"image.default\">\n\t\t\t\t<div class=\"elementor-widget-container\">\n\t\t\t\t\t\t\t\t\t\t\t\t\t\t\t\t<a href=\"https:\/\/kids.bthstudent.se\/en\/aktiviteter\/\">\n\t\t\t\t\t\t\t<img fetchpriority=\"high\" decoding=\"async\" width=\"930\" height=\"620\" src=\"https:\/\/kids.bthstudent.se\/wp-content\/uploads\/sites\/13\/2022\/03\/Andre-tennis-930x620.jpg\" class=\"attachment-neve-blog size-neve-blog wp-image-209\" alt=\"\" srcset=\"https:\/\/kids.bthstudent.se\/wp-content\/uploads\/sites\/13\/2022\/03\/Andre-tennis-930x620.jpg 930w, https:\/\/kids.bthstudent.se\/wp-content\/uploads\/sites\/13\/2022\/03\/Andre-tennis-300x200.jpg 300w, https:\/\/kids.bthstudent.se\/wp-content\/uploads\/sites\/13\/2022\/03\/Andre-tennis-1024x683.jpg 1024w, https:\/\/kids.bthstudent.se\/wp-content\/uploads\/sites\/13\/2022\/03\/Andre-tennis-768x512.jpg 768w, https:\/\/kids.bthstudent.se\/wp-content\/uploads\/sites\/13\/2022\/03\/Andre-tennis-1536x1024.jpg 1536w, https:\/\/kids.bthstudent.se\/wp-content\/uploads\/sites\/13\/2022\/03\/Andre-tennis-2048x1366.jpg 2048w, https:\/\/kids.bthstudent.se\/wp-content\/uploads\/sites\/13\/2022\/03\/Andre-tennis-18x12.jpg 18w\" sizes=\"(max-width: 930px) 100vw, 930px\" \/>\t\t\t\t\t\t\t\t<\/a>\n\t\t\t\t\t\t\t\t\t\t\t\t\t\t\t<\/div>\n\t\t\t\t<\/div>\n\t\t\t\t<div class=\"elementor-element elementor-element-2b6b302 elementor-widget elementor-widget-heading\" data-id=\"2b6b302\" data-element_type=\"widget\" data-e-type=\"widget\" data-widget_type=\"heading.default\">\n\t\t\t\t<div class=\"elementor-widget-container\">\n\t\t\t\t\t<h2 class=\"elementor-heading-title elementor-size-default\"><a href=\"https:\/\/kids.bthstudent.se\/en\/elementor-164\/\">Activities<\/a><\/h2>\t\t\t\t<\/div>\n\t\t\t\t<\/div>\n\t\t\t\t<div class=\"elementor-element elementor-element-2b18542 elementor-widget elementor-widget-text-editor\" data-id=\"2b18542\" data-element_type=\"widget\" data-e-type=\"widget\" data-widget_type=\"text-editor.default\">\n\t\t\t\t<div class=\"elementor-widget-container\">\n\t\t\t\t\t\t\t\t\t<p>Every week during the semester we organize sports for the students on campus Karlskrona. Everyone is welcome to try new sports, we usually have material to lend. <\/p>\t\t\t\t\t\t\t\t<\/div>\n\t\t\t\t<\/div>\n\t\t\t\t\t<\/div>\n\t\t<\/div>\n\t\t\t\t<div class=\"elementor-column elementor-col-33 elementor-top-column elementor-element elementor-element-c83a16c\" data-id=\"c83a16c\" data-element_type=\"column\" data-e-type=\"column\">\n\t\t\t<div class=\"elementor-widget-wrap elementor-element-populated\">\n\t\t\t\t\t\t<div class=\"elementor-element elementor-element-05e1a03 elementor-widget elementor-widget-image\" data-id=\"05e1a03\" data-element_type=\"widget\" data-e-type=\"widget\" data-widget_type=\"image.default\">\n\t\t\t\t<div class=\"elementor-widget-container\">\n\t\t\t\t\t\t\t\t\t\t\t\t\t\t\t\t<a href=\"https:\/\/bthstudent.se\/medlemskap\/\">\n\t\t\t\t\t\t\t<img decoding=\"async\" width=\"930\" height=\"620\" src=\"https:\/\/kids.bthstudent.se\/wp-content\/uploads\/sites\/13\/2022\/03\/gemenskap-930x620.jpg\" class=\"attachment-neve-blog size-neve-blog wp-image-273\" alt=\"\" srcset=\"https:\/\/kids.bthstudent.se\/wp-content\/uploads\/sites\/13\/2022\/03\/gemenskap-930x620.jpg 930w, https:\/\/kids.bthstudent.se\/wp-content\/uploads\/sites\/13\/2022\/03\/gemenskap-300x200.jpg 300w, https:\/\/kids.bthstudent.se\/wp-content\/uploads\/sites\/13\/2022\/03\/gemenskap-1024x683.jpg 1024w, https:\/\/kids.bthstudent.se\/wp-content\/uploads\/sites\/13\/2022\/03\/gemenskap-768x512.jpg 768w, https:\/\/kids.bthstudent.se\/wp-content\/uploads\/sites\/13\/2022\/03\/gemenskap-1536x1024.jpg 1536w, https:\/\/kids.bthstudent.se\/wp-content\/uploads\/sites\/13\/2022\/03\/gemenskap-18x12.jpg 18w, https:\/\/kids.bthstudent.se\/wp-content\/uploads\/sites\/13\/2022\/03\/gemenskap.jpg 2048w\" sizes=\"(max-width: 930px) 100vw, 930px\" \/>\t\t\t\t\t\t\t\t<\/a>\n\t\t\t\t\t\t\t\t\t\t\t\t\t\t\t<\/div>\n\t\t\t\t<\/div>\n\t\t\t\t<div class=\"elementor-element elementor-element-d68142e elementor-widget elementor-widget-heading\" data-id=\"d68142e\" data-element_type=\"widget\" data-e-type=\"widget\" data-widget_type=\"heading.default\">\n\t\t\t\t<div class=\"elementor-widget-container\">\n\t\t\t\t\t<h2 class=\"elementor-heading-title elementor-size-default\"><a href=\"https:\/\/kids.bthstudent.se\/en\/om-oss\/\">Membership<\/a><\/h2>\t\t\t\t<\/div>\n\t\t\t\t<\/div>\n\t\t\t\t<div class=\"elementor-element elementor-element-04fa095 elementor-widget elementor-widget-text-editor\" data-id=\"04fa095\" data-element_type=\"widget\" data-e-type=\"widget\" data-widget_type=\"text-editor.default\">\n\t\t\t\t<div class=\"elementor-widget-container\">\n\t\t\t\t\t\t\t\t\t<p>You can test five times then membership in Blekinge student union is required to be able to continue training with us. This is so that you are covered by our accident insurance.<\/p>\t\t\t\t\t\t\t\t<\/div>\n\t\t\t\t<\/div>\n\t\t\t\t\t<\/div>\n\t\t<\/div>\n\t\t\t\t<div class=\"elementor-column elementor-col-33 elementor-top-column elementor-element elementor-element-cbf3474\" data-id=\"cbf3474\" data-element_type=\"column\" data-e-type=\"column\">\n\t\t\t<div class=\"elementor-widget-wrap elementor-element-populated\">\n\t\t\t\t\t\t<div class=\"elementor-element elementor-element-b4c7718 elementor-widget elementor-widget-image\" data-id=\"b4c7718\" data-element_type=\"widget\" data-e-type=\"widget\" data-widget_type=\"image.default\">\n\t\t\t\t<div class=\"elementor-widget-container\">\n\t\t\t\t\t\t\t\t\t\t\t\t\t\t\t\t<a href=\"https:\/\/kids.bthstudent.se\/en\/om-oss\/\">\n\t\t\t\t\t\t\t<img decoding=\"async\" width=\"930\" height=\"620\" src=\"https:\/\/kids.bthstudent.se\/wp-content\/uploads\/sites\/13\/2022\/03\/KIDS_widest-930x620.jpg\" class=\"attachment-neve-blog size-neve-blog wp-image-276\" alt=\"\" srcset=\"https:\/\/kids.bthstudent.se\/wp-content\/uploads\/sites\/13\/2022\/03\/KIDS_widest-930x620.jpg 930w, https:\/\/kids.bthstudent.se\/wp-content\/uploads\/sites\/13\/2022\/03\/KIDS_widest-300x200.jpg 300w, https:\/\/kids.bthstudent.se\/wp-content\/uploads\/sites\/13\/2022\/03\/KIDS_widest-1024x683.jpg 1024w, https:\/\/kids.bthstudent.se\/wp-content\/uploads\/sites\/13\/2022\/03\/KIDS_widest-768x512.jpg 768w, https:\/\/kids.bthstudent.se\/wp-content\/uploads\/sites\/13\/2022\/03\/KIDS_widest-1536x1024.jpg 1536w, https:\/\/kids.bthstudent.se\/wp-content\/uploads\/sites\/13\/2022\/03\/KIDS_widest-18x12.jpg 18w, https:\/\/kids.bthstudent.se\/wp-content\/uploads\/sites\/13\/2022\/03\/KIDS_widest.jpg 2048w\" sizes=\"(max-width: 930px) 100vw, 930px\" \/>\t\t\t\t\t\t\t\t<\/a>\n\t\t\t\t\t\t\t\t\t\t\t\t\t\t\t<\/div>\n\t\t\t\t<\/div>\n\t\t\t\t<div class=\"elementor-element elementor-element-0fa6bc1 elementor-widget elementor-widget-heading\" data-id=\"0fa6bc1\" data-element_type=\"widget\" data-e-type=\"widget\" data-widget_type=\"heading.default\">\n\t\t\t\t<div class=\"elementor-widget-container\">\n\t\t\t\t\t<h2 class=\"elementor-heading-title elementor-size-default\"><a href=\"https:\/\/kids.bthstudent.se\/en\/om-oss\/\">About us<\/a><\/h2>\t\t\t\t<\/div>\n\t\t\t\t<\/div>\n\t\t\t\t<div class=\"elementor-element elementor-element-4fc7213 elementor-widget elementor-widget-text-editor\" data-id=\"4fc7213\" data-element_type=\"widget\" data-e-type=\"widget\" data-widget_type=\"text-editor.default\">\n\t\t\t\t<div class=\"elementor-widget-container\">\n\t\t\t\t\t\t\t\t\t<p>KIDS is a non-profit section under Blekinge Student Union and is run by committed students. Coaches on our workouts are also non-profit. If you want to join us, please contact us on kids@bthstudent.se!<\/p>\t\t\t\t\t\t\t\t<\/div>\n\t\t\t\t<\/div>\n\t\t\t\t\t<\/div>\n\t\t<\/div>\n\t\t\t\t\t<\/div>\n\t\t<\/section>\n\t\t\t\t<section class=\"elementor-section elementor-top-section elementor-element elementor-element-449f77d elementor-section-boxed elementor-section-height-default elementor-section-height-default\" data-id=\"449f77d\" data-element_type=\"section\" data-e-type=\"section\">\n\t\t\t\t\t\t<div class=\"elementor-container elementor-column-gap-default\">\n\t\t\t\t\t<div class=\"elementor-column elementor-col-100 elementor-top-column elementor-element elementor-element-a5fdd05\" data-id=\"a5fdd05\" data-element_type=\"column\" data-e-type=\"column\">\n\t\t\t<div class=\"elementor-widget-wrap\">\n\t\t\t\t\t\t\t<\/div>\n\t\t<\/div>\n\t\t\t\t\t<\/div>\n\t\t<\/section>\n\t\t\t\t<section class=\"elementor-section elementor-top-section elementor-element elementor-element-6f0a82e elementor-section-boxed elementor-section-height-default elementor-section-height-default\" data-id=\"6f0a82e\" data-element_type=\"section\" data-e-type=\"section\">\n\t\t\t\t\t\t<div class=\"elementor-container elementor-column-gap-default\">\n\t\t\t\t\t<div class=\"elementor-column elementor-col-50 elementor-top-column elementor-element elementor-element-0375d02\" data-id=\"0375d02\" data-element_type=\"column\" data-e-type=\"column\">\n\t\t\t<div class=\"elementor-widget-wrap elementor-element-populated\">\n\t\t\t\t\t\t<div class=\"elementor-element elementor-element-763da10 elementor-widget elementor-widget-image\" data-id=\"763da10\" data-element_type=\"widget\" data-e-type=\"widget\" data-widget_type=\"image.default\">\n\t\t\t\t<div class=\"elementor-widget-container\">\n\t\t\t\t\t\t\t\t\t\t\t\t\t\t\t\t<a href=\"https:\/\/bthstudent.se\">\n\t\t\t\t\t\t\t<img loading=\"lazy\" decoding=\"async\" width=\"300\" height=\"60\" src=\"https:\/\/kids.bthstudent.se\/wp-content\/uploads\/sites\/13\/2023\/09\/bsk_logga_hori-300x60.png\" class=\"attachment-medium size-medium wp-image-811\" alt=\"\" srcset=\"https:\/\/kids.bthstudent.se\/wp-content\/uploads\/sites\/13\/2023\/09\/bsk_logga_hori-300x60.png 300w, https:\/\/kids.bthstudent.se\/wp-content\/uploads\/sites\/13\/2023\/09\/bsk_logga_hori-1024x206.png 1024w, https:\/\/kids.bthstudent.se\/wp-content\/uploads\/sites\/13\/2023\/09\/bsk_logga_hori-768x155.png 768w, https:\/\/kids.bthstudent.se\/wp-content\/uploads\/sites\/13\/2023\/09\/bsk_logga_hori-1536x309.png 1536w, https:\/\/kids.bthstudent.se\/wp-content\/uploads\/sites\/13\/2023\/09\/bsk_logga_hori-2048x412.png 2048w, https:\/\/kids.bthstudent.se\/wp-content\/uploads\/sites\/13\/2023\/09\/bsk_logga_hori-18x4.png 18w\" sizes=\"(max-width: 300px) 100vw, 300px\" \/>\t\t\t\t\t\t\t\t<\/a>\n\t\t\t\t\t\t\t\t\t\t\t\t\t\t\t<\/div>\n\t\t\t\t<\/div>\n\t\t\t\t\t<\/div>\n\t\t<\/div>\n\t\t\t\t<div class=\"elementor-column elementor-col-50 elementor-top-column elementor-element elementor-element-e0e8163\" data-id=\"e0e8163\" data-element_type=\"column\" data-e-type=\"column\">\n\t\t\t<div class=\"elementor-widget-wrap elementor-element-populated\">\n\t\t\t\t\t\t<div class=\"elementor-element elementor-element-e68e56b elementor-widget__width-initial elementor-widget elementor-widget-image\" data-id=\"e68e56b\" data-element_type=\"widget\" data-e-type=\"widget\" data-widget_type=\"image.default\">\n\t\t\t\t<div class=\"elementor-widget-container\">\n\t\t\t\t\t\t\t\t\t\t\t\t<figure class=\"wp-caption\">\n\t\t\t\t\t\t\t\t\t\t\t<a href=\"https:\/\/www.laget.se\/KarlskronastudenternasIS\/Member\">\n\t\t\t\t\t\t\t<img loading=\"lazy\" decoding=\"async\" width=\"62\" height=\"74\" src=\"https:\/\/kids.bthstudent.se\/wp-content\/uploads\/sites\/13\/2023\/08\/laget-shield.png\" class=\"attachment-full size-full wp-image-703\" alt=\"\" srcset=\"https:\/\/kids.bthstudent.se\/wp-content\/uploads\/sites\/13\/2023\/08\/laget-shield.png 62w, https:\/\/kids.bthstudent.se\/wp-content\/uploads\/sites\/13\/2023\/08\/laget-shield-10x12.png 10w\" sizes=\"(max-width: 62px) 100vw, 62px\" \/>\t\t\t\t\t\t\t\t<\/a>\n\t\t\t\t\t\t\t\t\t\t\t<figcaption class=\"widget-image-caption wp-caption-text\">Laget.se<\/figcaption>\n\t\t\t\t\t\t\t\t\t\t<\/figure>\n\t\t\t\t\t\t\t\t\t<\/div>\n\t\t\t\t<\/div>\n\t\t\t\t\t<\/div>\n\t\t<\/div>\n\t\t\t\t\t<\/div>\n\t\t<\/section>\n\t\t\t\t<\/div>","protected":false},"excerpt":{"rendered":"<p>KarlskronaStudenternas IdrottsS\u00e4llskap Vi f\u00e5r studenterna att r\u00f6ra sig F\u00f6ljs oss p\u00e5 Instagram P\u00e5 Instagram kan du hitta mer information om v\u00e5r verksamhet. ANM\u00c4LAN TILL GRUPPER Klicka p\u00e5 knappen nedan f\u00f6r att registera er i de grupper som motsvarar de sporter ni \u00e4r intresserade av! \u00c4r ni inte med i en grupp kommer ni inte\u00a0kunna anm\u00e4la&hellip;&nbsp;<a href=\"https:\/\/kids.bthstudent.se\/en\/\" rel=\"bookmark\">Read More &raquo;<span class=\"screen-reader-text\">Startsida<\/span><\/a><\/p>","protected":false},"author":36,"featured_media":0,"parent":0,"menu_order":0,"comment_status":"closed","ping_status":"closed","template":"page-templates\/template-pagebuilder-full-width.php","meta":{"neve_meta_sidebar":"full-width","neve_meta_container":"","neve_meta_enable_content_width":"on","neve_meta_content_width":100,"neve_meta_title_alignment":"","neve_meta_author_avatar":"","neve_post_elements_order":"","neve_meta_disable_header":"","neve_meta_disable_footer":"","neve_meta_disable_title":"","footnotes":""},"class_list":["post-153","page","type-page","status-publish","hentry"],"_links":{"self":[{"href":"https:\/\/kids.bthstudent.se\/en\/wp-json\/wp\/v2\/pages\/153","targetHints":{"allow":["GET"]}}],"collection":[{"href":"https:\/\/kids.bthstudent.se\/en\/wp-json\/wp\/v2\/pages"}],"about":[{"href":"https:\/\/kids.bthstudent.se\/en\/wp-json\/wp\/v2\/types\/page"}],"author":[{"embeddable":true,"href":"https:\/\/kids.bthstudent.se\/en\/wp-json\/wp\/v2\/users\/36"}],"replies":[{"embeddable":true,"href":"https:\/\/kids.bthstudent.se\/en\/wp-json\/wp\/v2\/comments?post=153"}],"version-history":[{"count":246,"href":"https:\/\/kids.bthstudent.se\/en\/wp-json\/wp\/v2\/pages\/153\/revisions"}],"predecessor-version":[{"id":940,"href":"https:\/\/kids.bthstudent.se\/en\/wp-json\/wp\/v2\/pages\/153\/revisions\/940"}],"wp:attachment":[{"href":"https:\/\/kids.bthstudent.se\/en\/wp-json\/wp\/v2\/media?parent=153"}],"curies":[{"name":"wp","href":"https:\/\/api.w.org\/{rel}","templated":true}]}}